{"id":5144,"date":"2025-03-07T17:06:46","date_gmt":"2025-03-07T17:06:46","guid":{"rendered":"https:\/\/metaleenshop.com\/?post_type=product&#038;p=5144"},"modified":"2025-07-16T08:02:12","modified_gmt":"2025-07-16T08:02:12","slug":"id-65-px-plasma-cutting-machine-mechanized-standard-12m-torch","status":"publish","type":"product","link":"https:\/\/metaleenshop.com\/nl\/product\/id-65-px-plasma-cutting-machine-mechanized-standard-12m-torch\/","title":{"rendered":"ID 65 PX Plasma Cutting Machine-Mechanized Standard (12m Torch)"},"content":{"rendered":"<h2>General<\/h2>\n<ul>\n<li>Plasma\u00a0cutting\u00a0machine\u00a0with\u00a0inverter\u00a0technology.<\/li>\n<li>Excellent\u00a0cutting\u00a0and\u00a0gouging\u00a0performance\u00a0with all\u00a0metal\u00a0types\u00a0with\u00a0its\u00a0advanced\u00a0structure.<\/li>\n<li>High\u00a0quality\u00a028\u00a0mm\u00a0burr-free\u00a0cutting, 18 mm\u00a0pierce\u00a0and\u00a035 mm\u00a0severance\u00a0capacity without loss of performance in all metal types including aluminum and stainless .<\/li>\n<li>Different\u00a0cutting\u00a0modes\u00a0that\u00a0provide\u00a0convenience\u00a0to\u00a0the\u00a0user.<\/li>\n<li>Faster\u00a0and\u00a0cleaner\u00a0cutting\u00a0performance\u00a0compared\u00a0to\u00a0oxyfuel\u00a0(up\u00a0to\u00a020 mm),<\/li>\n<li>Automatic\u00a0adjustment\u00a0for\u00a0optimum\u00a0gas\u00a0pressure\u00a0in ID 65 PX\u00a0model<\/li>\n<li>Different\u00a0torch\u00a0and\u00a0consumable\u00a0options\u00a0for\u00a0special\u00a0applications.<\/li>\n<li>Easy\u00a0setting\u00a0and\u00a0monitoring\u00a0with\u00a0user\u00a0friendly\u00a0interface<\/li>\n<li>More\u00a0uptime\u00a0and\u00a0maximum\u00a0performance\u00a0with\u00a0strong\u00a0torches\u00a0and\u00a0consumables<\/li>\n<li>Save\u00a0time\u00a0with\u00a0more\u00a0precise\u00a0and\u00a0smoother\u00a0cutting<\/li>\n<li>Easy\u00a0connection\u00a0to\u00a0the\u00a0automation\u00a0interface<\/li>\n<li>Impact\u00a0resistant,\u00a0robust,\u00a0reinforced\u00a0steel\u00a0body<\/li>\n<li>Easy\u00a0mobility\u00a0with\u00a0its\u00a0ergonomic\u00a0structure<\/li>\n<li>No\u00a0performance\u00a0loss\u00a0due\u00a0to\u00a0mains\u00a0voltage\u00a0fluctuations\u00a0and\u00a0ambient\u00a0temperature\u00a0changes<\/li>\n<\/ul>\n<p>&nbsp;<\/p>\n<h2>Technical specifications<\/h2>\n<table class=\"table table-hover table-condensed table-bordered\">\n<tbody>\n<tr>\n<td class=\"teknikgrup\" colspan=\"5\">Power Source<\/td>\n<\/tr>\n<tr>\n<td>Mains Voltage (3Ph)<\/td>\n<td>400<\/td>\n<td>V<\/td>\n<\/tr>\n<tr>\n<td>Input Power<\/td>\n<td>12,3<\/td>\n<td>kVA<\/td>\n<\/tr>\n<tr>\n<td>Power Source Efficiency<\/td>\n<td>87,21<\/td>\n<td>%<\/td>\n<\/tr>\n<tr>\n<td>IDLE State Power Consumption<\/td>\n<td>19,57<\/td>\n<td>W<\/td>\n<\/tr>\n<tr>\n<td>Output Voltage<\/td>\n<td>106<\/td>\n<td>V<\/td>\n<\/tr>\n<tr>\n<td>Output Current<\/td>\n<td>20 &#8211; 65<\/td>\n<td>A<\/td>\n<\/tr>\n<tr>\n<td>Enable Rate<\/td>\n<td>65 (%50)<\/td>\n<td>A<\/td>\n<\/tr>\n<tr>\n<td>Open Circuit Voltage<\/td>\n<td>270 (Max)<\/td>\n<td>V<\/td>\n<\/tr>\n<tr>\n<td>Recommended Cutting Thickness<\/td>\n<td>21<\/td>\n<td>mm<\/td>\n<\/tr>\n<tr>\n<td>En B\u00fcy\u00fck Kesme Kal\u0131nl\u0131\u011f\u0131<\/td>\n<td>26<\/td>\n<td>mm<\/td>\n<\/tr>\n<tr>\n<td>Koparma Kal\u0131nl\u0131\u011f\u0131<\/td>\n<td>(17mm mech.) 33<\/td>\n<td>mm<\/td>\n<\/tr>\n<tr>\n<td>Dimensions (l x w x h)<\/td>\n<td>628,1 x 219,3 x 453,7<\/td>\n<td>mm<\/td>\n<\/tr>\n<tr>\n<td>Weight (Net)<\/td>\n<td>26<\/td>\n<td>kg<\/td>\n<\/tr>\n<tr>\n<td>Plasma Gas<\/td>\n<td>Clean, dry, oil-free air or N2<\/td>\n<td><\/td>\n<\/tr>\n<tr>\n<td>Required Work Pressure<\/td>\n<td>5.5 bar &#8211; 185 lt\/dk<\/td>\n<td><\/td>\n<\/tr>\n<tr>\n<td>Protection Class<\/td>\n<td>IP21<\/td>\n<\/tr>\n<\/tbody>\n<\/table>\n\n    <div class=\"xs_social_share_widget xs_share_url after_content \t\tmain_content  wslu-style-1 wslu-share-box-shaped wslu-fill-colored wslu-none wslu-share-horizontal wslu-theme-font-no wslu-main_content\">\n\n\t\t\n        <ul>\n\t\t\t        <\/ul>\n    <\/div>","protected":false},"excerpt":{"rendered":"<p>General Plasma\u00a0cutting\u00a0machine\u00a0with\u00a0inverter\u00a0technology. Excellent\u00a0cutting\u00a0and\u00a0gouging\u00a0performance\u00a0with all\u00a0metal\u00a0types\u00a0with\u00a0its\u00a0advanced\u00a0structure. High\u00a0quality\u00a028\u00a0mm\u00a0burr-free\u00a0cutting, 18 mm\u00a0pierce\u00a0and\u00a035 mm\u00a0severance\u00a0capacity without loss of performance in all metal types including aluminum and stainless . Different\u00a0cutting\u00a0modes\u00a0that\u00a0provide\u00a0convenience\u00a0to\u00a0the\u00a0user. Faster\u00a0and\u00a0cleaner\u00a0cutting\u00a0performance\u00a0compared\u00a0to\u00a0oxyfuel\u00a0(up\u00a0to\u00a020 mm), Automatic\u00a0adjustment\u00a0for\u00a0optimum\u00a0gas\u00a0pressure\u00a0in ID 65 PX\u00a0model Different\u00a0torch\u00a0and\u00a0consumable\u00a0options\u00a0for\u00a0special\u00a0applications. Easy\u00a0setting\u00a0and\u00a0monitoring\u00a0with\u00a0user\u00a0friendly\u00a0interface More\u00a0uptime\u00a0and\u00a0maximum\u00a0performance\u00a0with\u00a0strong\u00a0torches\u00a0and\u00a0consumables Save\u00a0time\u00a0with\u00a0more\u00a0precise\u00a0and\u00a0smoother\u00a0cutting Easy\u00a0connection\u00a0to\u00a0the\u00a0automation\u00a0interface Impact\u00a0resistant,\u00a0robust,\u00a0reinforced\u00a0steel\u00a0body Easy\u00a0mobility\u00a0with\u00a0its\u00a0ergonomic\u00a0structure No\u00a0performance\u00a0loss\u00a0due\u00a0to\u00a0mains\u00a0voltage\u00a0fluctuations\u00a0and\u00a0ambient\u00a0temperature\u00a0changes &nbsp; Technical specifications Power Source Mains Voltage (3Ph) 400 V Input Power 12,3 kVA Power Source Efficiency 87,21 % [&hellip;]<\/p>\n","protected":false},"featured_media":5256,"comment_status":"open","ping_status":"closed","template":"","meta":{"inline_featured_image":false},"product_brand":[],"product_cat":[218],"product_tag":[226],"class_list":{"0":"post-5144","1":"product","2":"type-product","3":"status-publish","4":"has-post-thumbnail","6":"product_cat-plasma-cutting-machines","7":"product_tag-plasma-cutting-machines","9":"first","10":"instock","11":"shipping-taxable","12":"purchasable","13":"product-type-simple"},"_links":{"self":[{"href":"https:\/\/metaleenshop.com\/nl\/wp-json\/wp\/v2\/product\/5144","targetHints":{"allow":["GET"]}}],"collection":[{"href":"https:\/\/metaleenshop.com\/nl\/wp-json\/wp\/v2\/product"}],"about":[{"href":"https:\/\/metaleenshop.com\/nl\/wp-json\/wp\/v2\/types\/product"}],"replies":[{"embeddable":true,"href":"https:\/\/metaleenshop.com\/nl\/wp-json\/wp\/v2\/comments?post=5144"}],"wp:featuredmedia":[{"embeddable":true,"href":"https:\/\/metaleenshop.com\/nl\/wp-json\/wp\/v2\/media\/5256"}],"wp:attachment":[{"href":"https:\/\/metaleenshop.com\/nl\/wp-json\/wp\/v2\/media?parent=5144"}],"wp:term":[{"taxonomy":"product_brand","embeddable":true,"href":"https:\/\/metaleenshop.com\/nl\/wp-json\/wp\/v2\/product_brand?post=5144"},{"taxonomy":"product_cat","embeddable":true,"href":"https:\/\/metaleenshop.com\/nl\/wp-json\/wp\/v2\/product_cat?post=5144"},{"taxonomy":"product_tag","embeddable":true,"href":"https:\/\/metaleenshop.com\/nl\/wp-json\/wp\/v2\/product_tag?post=5144"}],"curies":[{"name":"wp","href":"https:\/\/api.w.org\/{rel}","templated":true}]}}