{"id":5143,"date":"2025-03-07T17:06:10","date_gmt":"2025-03-07T17:06:10","guid":{"rendered":"https:\/\/metaleenshop.com\/?post_type=product&#038;p=5143"},"modified":"2025-07-16T08:15:57","modified_gmt":"2025-07-16T08:15:57","slug":"monocut-45ix-plasma-cutting-machine-handheld-6m-torch","status":"publish","type":"product","link":"https:\/\/metaleenshop.com\/nl\/product\/monocut-45ix-plasma-cutting-machine-handheld-6m-torch\/","title":{"rendered":"Monocut 45iX Plasma Cutting Machine-Handheld (6m Torch)"},"content":{"rendered":"<h2>General<\/h2>\n<ul>\n<li>Plasma cutting machine with inverter technology<\/li>\n<li>Excellent cutting and gouging performance with all types of metal with its advanced design<\/li>\n<li>High quality 22 mm burr-free cutting, 14 mm pierce and 28 mm severance capacity without loss of performance in all metal types including aluminum and stainless steel<\/li>\n<li>Different cutting modes that provide convenience to the user<\/li>\n<li>Faster and cleaner cutting performance compared to oxyfuel (up to 20 mm)<\/li>\n<li>Provides significant energy savings and minimizes being affected by voltage fluctuations \u00a0with PFC technology<\/li>\n<li>Automatic adjustment for optimum gas pressure<\/li>\n<li>Different torch and consumables options for special applications<\/li>\n<li>Easy setting and monitoring with user friendly interface<\/li>\n<li>More uptime and maximum performance with strong torches and consumables<\/li>\n<li>Save time with more precise and smoother cutting<\/li>\n<li>Easy connection to the automation interface<\/li>\n<li>Impact resistant, robust, reinforced steel body<\/li>\n<li>Easy mobility with its ergonomic structure<\/li>\n<li>No performance loss due to mains voltage fluctuations and ambient temperature changes<\/li>\n<\/ul>\n<p>&nbsp;<\/p>\n<h2>Technical specifications<\/h2>\n<table class=\"table table-hover table-condensed table-bordered\">\n<tbody>\n<tr>\n<td class=\"teknikgrup\" colspan=\"5\">Power Source<\/td>\n<\/tr>\n<tr>\n<td>Mains Voltage (1Ph)<\/td>\n<td>230<\/td>\n<td>V<\/td>\n<\/tr>\n<tr>\n<td>Input Power<\/td>\n<td>5,21<\/td>\n<td>kVA<\/td>\n<\/tr>\n<tr>\n<td>Power Source Efficiency<\/td>\n<td>85,84<\/td>\n<td>%<\/td>\n<\/tr>\n<tr>\n<td>IDLE State Power Consumption<\/td>\n<td>13,91<\/td>\n<td>W<\/td>\n<\/tr>\n<tr>\n<td>Output Current<\/td>\n<td>20 &#8211; 45<\/td>\n<td>A<\/td>\n<\/tr>\n<tr>\n<td>Open Circuit Voltage<\/td>\n<td>290 (Max)<\/td>\n<td>V<\/td>\n<\/tr>\n<tr>\n<td>Recommended Cutting Thickness<\/td>\n<td>16<\/td>\n<td>mm<\/td>\n<\/tr>\n<tr>\n<td>En B\u00fcy\u00fck Kesme Kal\u0131nl\u0131\u011f\u0131<\/td>\n<td>22<\/td>\n<td>mm<\/td>\n<\/tr>\n<tr>\n<td>Koparma Kal\u0131nl\u0131\u011f\u0131<\/td>\n<td>30<\/td>\n<td>mm<\/td>\n<\/tr>\n<tr>\n<td>Dimensions (l x w x h)<\/td>\n<td>575 x 160 x 311<\/td>\n<td>mm<\/td>\n<\/tr>\n<tr>\n<td>Weight (Net)<\/td>\n<td>14<\/td>\n<td>kg<\/td>\n<\/tr>\n<tr>\n<td>Plasma Gas<\/td>\n<td>Clean, dry, oil-free air or N2<\/td>\n<td><\/td>\n<\/tr>\n<tr>\n<td>Required Work Pressure<\/td>\n<td>5.5 bar &#8211; 185 lt\/dk<\/td>\n<td><\/td>\n<\/tr>\n<tr>\n<td>Protection Class<\/td>\n<td>IP23S<\/td>\n<\/tr>\n<\/tbody>\n<\/table>\n\n    <div class=\"xs_social_share_widget xs_share_url after_content \t\tmain_content  wslu-style-1 wslu-share-box-shaped wslu-fill-colored wslu-none wslu-share-horizontal wslu-theme-font-no wslu-main_content\">\n\n\t\t\n        <ul>\n\t\t\t        <\/ul>\n    <\/div>","protected":false},"excerpt":{"rendered":"<p>General Plasma cutting machine with inverter technology Excellent cutting and gouging performance with all types of metal with its advanced design High quality 22 mm burr-free cutting, 14 mm pierce and 28 mm severance capacity without loss of performance in all metal types including aluminum and stainless steel Different cutting modes that provide convenience to [&hellip;]<\/p>\n","protected":false},"featured_media":5065,"comment_status":"open","ping_status":"closed","template":"","meta":{"inline_featured_image":false},"product_brand":[],"product_cat":[218],"product_tag":[226],"class_list":{"0":"post-5143","1":"product","2":"type-product","3":"status-publish","4":"has-post-thumbnail","6":"product_cat-plasma-cutting-machines","7":"product_tag-plasma-cutting-machines","9":"first","10":"instock","11":"shipping-taxable","12":"purchasable","13":"product-type-simple"},"_links":{"self":[{"href":"https:\/\/metaleenshop.com\/nl\/wp-json\/wp\/v2\/product\/5143","targetHints":{"allow":["GET"]}}],"collection":[{"href":"https:\/\/metaleenshop.com\/nl\/wp-json\/wp\/v2\/product"}],"about":[{"href":"https:\/\/metaleenshop.com\/nl\/wp-json\/wp\/v2\/types\/product"}],"replies":[{"embeddable":true,"href":"https:\/\/metaleenshop.com\/nl\/wp-json\/wp\/v2\/comments?post=5143"}],"wp:featuredmedia":[{"embeddable":true,"href":"https:\/\/metaleenshop.com\/nl\/wp-json\/wp\/v2\/media\/5065"}],"wp:attachment":[{"href":"https:\/\/metaleenshop.com\/nl\/wp-json\/wp\/v2\/media?parent=5143"}],"wp:term":[{"taxonomy":"product_brand","embeddable":true,"href":"https:\/\/metaleenshop.com\/nl\/wp-json\/wp\/v2\/product_brand?post=5143"},{"taxonomy":"product_cat","embeddable":true,"href":"https:\/\/metaleenshop.com\/nl\/wp-json\/wp\/v2\/product_cat?post=5143"},{"taxonomy":"product_tag","embeddable":true,"href":"https:\/\/metaleenshop.com\/nl\/wp-json\/wp\/v2\/product_tag?post=5143"}],"curies":[{"name":"wp","href":"https:\/\/api.w.org\/{rel}","templated":true}]}}