{"id":5132,"date":"2025-03-07T16:57:20","date_gmt":"2025-03-07T16:57:20","guid":{"rendered":"https:\/\/metaleenshop.com\/?post_type=product&#038;p=5132"},"modified":"2025-07-16T08:43:57","modified_gmt":"2025-07-16T08:43:57","slug":"id-300-mk-pulse-smart-compact","status":"publish","type":"product","link":"https:\/\/metaleenshop.com\/nl\/product\/id-300-mk-pulse-smart-compact\/","title":{"rendered":"ID 300 MK Pulse Smart-Compact"},"content":{"rendered":"<h2>General<\/h2>\n<ul>\n<li>Operates with 3 Phase 400V-50\/60 Hz mains voltage and generators, tolerates voltage fluctuations up to 15%.<\/li>\n<li>Due to inverter technology, energy efficiency is higher than the conventional machines.<\/li>\n<li>Excellent welding characteristics with all types of solid and flux cored wires with CO2 or Mix gases.<\/li>\n<li>Multi process welding; MIG\/MAG, Stick Electrode, Carbon Gauging and TIG welding.<\/li>\n<li>No Spatter welding due to advanced electronically optimized inductance and pulsing functions. Excellent welding characteristics for all methods.<\/li>\n<li>3 Operating Modes; Synergic, Intelligent, Classic. With these options a welder can adapt from conventional to synergic welding easily.<\/li>\n<li>Wire type, wire diameter, gas type and thickness of the base metal for Synergic Welding and Soft Start, Pre-Gas, Post-Gas, Burn-Back, Crater Filling timer settings as general sett\u0131ngs.<\/li>\n<li>Smart model is designed with a membrane button &#8211; led combination penal inside the wire-feeder cabinet for easy selection of synergic parameters such as; wire type, wire diameter, gas type and welding method.<\/li>\n<li>3 different job in Smart series<\/li>\n<li>Trigger mode selection from torch.<\/li>\n<li>Industry 4.0 features such as; OEE, Arc-On Time reporting, WP setting\/controlling\/reporting, Barcode and RF Card reading. (Optional)<\/li>\n<li>4 Wheel Drive system, offers very powerful feedability for longer torches and offers less deformation on soft wires such as aluminum and flux cored wires.<\/li>\n<li>Manual wire feeding &amp; gas valve buttons are inside of the wire feeding cabinet. ? \u00f8300 mm, \u00f8270 mm and \u00f8200 mm diameter spools and drums of any size can be used.<\/li>\n<li>24V AC outlet for CO2 gas heater.<\/li>\n<li>Stable welding current without loss of performance due to electric line fluctuations or with long welding and electrical cables.<\/li>\n<li>Built in gas cylinder platform with large wheels to ease mobility in workshops.<\/li>\n<li>Intelligent control of temperature reduces energy consumption and extends the fan and machine life. (SmartFan)<\/li>\n<li>Water cooling unit for water cooled torches provides powerful cooling even at very hot climates. (Water-cooled (W) models)<\/li>\n<li>Standard accessories come with the machine<\/li>\n<\/ul>\n<p>&nbsp;<\/p>\n<h2>Technical specifications<\/h2>\n<table class=\"table table-hover table-condensed table-bordered\">\n<tbody>\n<tr>\n<td class=\"teknikgrup\" colspan=\"5\">Power Source<\/td>\n<\/tr>\n<tr>\n<td>Mains Voltage (3Ph)<\/td>\n<td>400<\/td>\n<td>V<\/td>\n<\/tr>\n<tr>\n<td>Input Power<\/td>\n<td>14.7 (%40)<\/td>\n<td>kVA<\/td>\n<\/tr>\n<tr>\n<td>Power Source Efficiency<\/td>\n<td>MMA 86,21 \/ MIG 87,01<\/td>\n<td>%<\/td>\n<\/tr>\n<tr>\n<td>IDLE State Power Consumption<\/td>\n<td>23<\/td>\n<td>W<\/td>\n<\/tr>\n<tr>\n<td>Welding Current Range<\/td>\n<td>50 &#8211; 300<\/td>\n<td>A<\/td>\n<\/tr>\n<tr>\n<td>Nominal Welding Current<\/td>\n<td>300 (%40)<\/td>\n<td>A<\/td>\n<\/tr>\n<tr>\n<td>Open Circuit Voltage<\/td>\n<td>82<\/td>\n<td>V<\/td>\n<\/tr>\n<tr>\n<td>Dimensions (l x w x h)<\/td>\n<td>1138 x 528 x 837<\/td>\n<td>mm<\/td>\n<\/tr>\n<tr>\n<td>Weight (Net)<\/td>\n<td>86<\/td>\n<td>kg<\/td>\n<\/tr>\n<tr>\n<td>Protection Class<\/td>\n<td>IP21<\/td>\n<td><\/td>\n<\/tr>\n<tr>\n<td class=\"teknikgrup\" colspan=\"5\">Wire Feeder System<\/td>\n<\/tr>\n<tr>\n<td>Wire Feeding Speed<\/td>\n<td>1-24<\/td>\n<td>m\/min<\/td>\n<\/tr>\n<tr>\n<td>Torch Trigger Control<\/td>\n<td>2\/4<\/td>\n<td><\/td>\n<\/tr>\n<tr>\n<td>Welding Wire Diameter<\/td>\n<td>0.80- 1.20<\/td>\n<td>mm<\/td>\n<\/tr>\n<\/tbody>\n<\/table>\n\n    <div class=\"xs_social_share_widget xs_share_url after_content \t\tmain_content  wslu-style-1 wslu-share-box-shaped wslu-fill-colored wslu-none wslu-share-horizontal wslu-theme-font-no wslu-main_content\">\n\n\t\t\n        <ul>\n\t\t\t        <\/ul>\n    <\/div>","protected":false},"excerpt":{"rendered":"<p>General Operates with 3 Phase 400V-50\/60 Hz mains voltage and generators, tolerates voltage fluctuations up to 15%. Due to inverter technology, energy efficiency is higher than the conventional machines. Excellent welding characteristics with all types of solid and flux cored wires with CO2 or Mix gases. Multi process welding; MIG\/MAG, Stick Electrode, Carbon Gauging and [&hellip;]<\/p>\n","protected":false},"featured_media":5069,"comment_status":"open","ping_status":"closed","template":"","meta":{"inline_featured_image":false},"product_brand":[],"product_cat":[219],"product_tag":[225,222],"class_list":{"0":"post-5132","1":"product","2":"type-product","3":"status-publish","4":"has-post-thumbnail","6":"product_cat-mig-mag-welding-machines","7":"product_tag-mig-mag-welding-machines","8":"product_tag-welding-machines","10":"first","11":"instock","12":"shipping-taxable","13":"purchasable","14":"product-type-simple"},"_links":{"self":[{"href":"https:\/\/metaleenshop.com\/nl\/wp-json\/wp\/v2\/product\/5132","targetHints":{"allow":["GET"]}}],"collection":[{"href":"https:\/\/metaleenshop.com\/nl\/wp-json\/wp\/v2\/product"}],"about":[{"href":"https:\/\/metaleenshop.com\/nl\/wp-json\/wp\/v2\/types\/product"}],"replies":[{"embeddable":true,"href":"https:\/\/metaleenshop.com\/nl\/wp-json\/wp\/v2\/comments?post=5132"}],"wp:featuredmedia":[{"embeddable":true,"href":"https:\/\/metaleenshop.com\/nl\/wp-json\/wp\/v2\/media\/5069"}],"wp:attachment":[{"href":"https:\/\/metaleenshop.com\/nl\/wp-json\/wp\/v2\/media?parent=5132"}],"wp:term":[{"taxonomy":"product_brand","embeddable":true,"href":"https:\/\/metaleenshop.com\/nl\/wp-json\/wp\/v2\/product_brand?post=5132"},{"taxonomy":"product_cat","embeddable":true,"href":"https:\/\/metaleenshop.com\/nl\/wp-json\/wp\/v2\/product_cat?post=5132"},{"taxonomy":"product_tag","embeddable":true,"href":"https:\/\/metaleenshop.com\/nl\/wp-json\/wp\/v2\/product_tag?post=5132"}],"curies":[{"name":"wp","href":"https:\/\/api.w.org\/{rel}","templated":true}]}}