{"id":5130,"date":"2025-03-07T16:56:26","date_gmt":"2025-03-07T16:56:26","guid":{"rendered":"https:\/\/metaleenshop.com\/?post_type=product&#038;p=5130"},"modified":"2025-07-16T08:56:09","modified_gmt":"2025-07-16T08:56:09","slug":"id-500-mw-10-eco-open-type","status":"publish","type":"product","link":"https:\/\/metaleenshop.com\/nl\/product\/id-500-mw-10-eco-open-type\/","title":{"rendered":"ID 500 MW-10 ECO-Open Type"},"content":{"rendered":"<h2>General<\/h2>\n<ul>\n<li>Operates with 3 Phase 400V-50\/60 Hz mains voltage and generators, tolerates voltage fluctuations up to 15%.<\/li>\n<li>Due to inverter technology, energy efficiency is higher than the conventional machines.<\/li>\n<li>Excellent welding characteristics with all types of solid and flux cored wires with CO2 or Mix gases.<\/li>\n<li>4 Wheel Drive system, offers very powerful feedability for longer torches and offers less deformation on soft wires such as aluminum and flux cored wires.<\/li>\n<li>Welding voltage, wire feed speed (welding current) is adjusted from the panel in front of the wire feeder.<\/li>\n<li>Optimum welding parameters can be obtained from the printed table inside of the wire feed cabinet.<\/li>\n<li>Manual wire feeding &amp; gas valve buttons, Trigger Mode (2\/4), Spot mode are available on the wire feeder.<\/li>\n<li>Soft Start, Pre-gas, Post-gas, Crater Filling, Burn-Back,\u00a0<strong>Flow Sensor<\/strong>\u00a0settings are adjusted from the digital panel of the wire feeding system.<\/li>\n<li>\u00f8300 mm, \u00f8270 mm and \u00f8200 mm spools and drums of any size can be used.<\/li>\n<li>24V AC outlet for CO2 gas heater.<\/li>\n<li>Built in gas cylinder platform with large wheels to ease mobility in workshops.<\/li>\n<li>The Separate wire feeder standard harness length is 5 m and can be extended up to 30 m upon request (M-MW models).<\/li>\n<li>Protected against voltage fluctuations.<\/li>\n<li>Designed also for outdoor use, protection class is IP 23.<\/li>\n<li>Water cooling unit for water cooled torches provides powerful cooling even at very hot climates. (Water-cooled (W) models)<\/li>\n<li>Standard accessories come with the machine.<\/li>\n<\/ul>\n<p>&nbsp;<\/p>\n<h2>Technical specifications<\/h2>\n<table class=\"table table-hover table-condensed table-bordered\">\n<tbody>\n<tr>\n<td class=\"teknikgrup\" colspan=\"5\">Power Source<\/td>\n<\/tr>\n<tr>\n<td>Mains Voltage (3Ph)<\/td>\n<td>400<\/td>\n<td>V<\/td>\n<\/tr>\n<tr>\n<td>Input Power<\/td>\n<td>31.8 (%40)<\/td>\n<td>kVA<\/td>\n<\/tr>\n<tr>\n<td>Power Source Efficiency<\/td>\n<td>85,23<\/td>\n<td>%<\/td>\n<\/tr>\n<tr>\n<td>IDLE State Power Consumption<\/td>\n<td>23<\/td>\n<td>W<\/td>\n<\/tr>\n<tr>\n<td>Welding Current Range<\/td>\n<td>50 &#8211; 500<\/td>\n<td>ADC<\/td>\n<\/tr>\n<tr>\n<td>Nominal Welding Current<\/td>\n<td>500 (%40)<\/td>\n<td>A<\/td>\n<\/tr>\n<tr>\n<td>Open Circuit Voltage<\/td>\n<td>69<\/td>\n<td>VDC<\/td>\n<\/tr>\n<tr>\n<td>Dimensions (l x w x h)<\/td>\n<td>1170x528x1430<\/td>\n<td>mm<\/td>\n<\/tr>\n<tr>\n<td>Weight (Net)<\/td>\n<td>122<\/td>\n<td>kg<\/td>\n<\/tr>\n<tr>\n<td>Protection Class<\/td>\n<td>IP23<\/td>\n<td><\/td>\n<\/tr>\n<tr>\n<td class=\"teknikgrup\" colspan=\"5\">Wire Feeder System<\/td>\n<\/tr>\n<tr>\n<td>Welding Wire Diameter<\/td>\n<td>0.80 &#8211; 2.4<\/td>\n<td>mm<\/td>\n<\/tr>\n<tr>\n<td>Wire Feeding Speed<\/td>\n<td>1 &#8211; 24<\/td>\n<td>m\/min<\/td>\n<\/tr>\n<tr>\n<td>Torch Trigger Control<\/td>\n<td>2 \/ 4<\/td>\n<td><\/td>\n<\/tr>\n<tr>\n<td>Dimensions (l x w x h)<\/td>\n<td>584 x 235 x 553<\/td>\n<td>mm<\/td>\n<\/tr>\n<tr>\n<td>Weight (Net)<\/td>\n<td>24<\/td>\n<td>kg<\/td>\n<\/tr>\n<tr>\n<td class=\"teknikgrup\" colspan=\"5\">Water Cooling Unit<\/td>\n<\/tr>\n<tr>\n<td>Cooling Power<\/td>\n<td>1.02<\/td>\n<td>kW<\/td>\n<\/tr>\n<tr>\n<td>Dimensions (l x w x h)<\/td>\n<td>732 x 293 x 302<\/td>\n<td>mm<\/td>\n<\/tr>\n<tr>\n<td>Weight (Net)<\/td>\n<td>24<\/td>\n<td>kg<\/td>\n<\/tr>\n<\/tbody>\n<\/table>\n\n    <div class=\"xs_social_share_widget xs_share_url after_content \t\tmain_content  wslu-style-1 wslu-share-box-shaped wslu-fill-colored wslu-none wslu-share-horizontal wslu-theme-font-no wslu-main_content\">\n\n\t\t\n        <ul>\n\t\t\t        <\/ul>\n    <\/div>","protected":false},"excerpt":{"rendered":"<p>General Operates with 3 Phase 400V-50\/60 Hz mains voltage and generators, tolerates voltage fluctuations up to 15%. Due to inverter technology, energy efficiency is higher than the conventional machines. Excellent welding characteristics with all types of solid and flux cored wires with CO2 or Mix gases. 4 Wheel Drive system, offers very powerful feedability for [&hellip;]<\/p>\n","protected":false},"featured_media":5066,"comment_status":"open","ping_status":"closed","template":"","meta":{"inline_featured_image":false},"product_brand":[],"product_cat":[219],"product_tag":[225,222],"class_list":{"0":"post-5130","1":"product","2":"type-product","3":"status-publish","4":"has-post-thumbnail","6":"product_cat-mig-mag-welding-machines","7":"product_tag-mig-mag-welding-machines","8":"product_tag-welding-machines","10":"first","11":"instock","12":"shipping-taxable","13":"purchasable","14":"product-type-simple"},"_links":{"self":[{"href":"https:\/\/metaleenshop.com\/nl\/wp-json\/wp\/v2\/product\/5130","targetHints":{"allow":["GET"]}}],"collection":[{"href":"https:\/\/metaleenshop.com\/nl\/wp-json\/wp\/v2\/product"}],"about":[{"href":"https:\/\/metaleenshop.com\/nl\/wp-json\/wp\/v2\/types\/product"}],"replies":[{"embeddable":true,"href":"https:\/\/metaleenshop.com\/nl\/wp-json\/wp\/v2\/comments?post=5130"}],"wp:featuredmedia":[{"embeddable":true,"href":"https:\/\/metaleenshop.com\/nl\/wp-json\/wp\/v2\/media\/5066"}],"wp:attachment":[{"href":"https:\/\/metaleenshop.com\/nl\/wp-json\/wp\/v2\/media?parent=5130"}],"wp:term":[{"taxonomy":"product_brand","embeddable":true,"href":"https:\/\/metaleenshop.com\/nl\/wp-json\/wp\/v2\/product_brand?post=5130"},{"taxonomy":"product_cat","embeddable":true,"href":"https:\/\/metaleenshop.com\/nl\/wp-json\/wp\/v2\/product_cat?post=5130"},{"taxonomy":"product_tag","embeddable":true,"href":"https:\/\/metaleenshop.com\/nl\/wp-json\/wp\/v2\/product_tag?post=5130"}],"curies":[{"name":"wp","href":"https:\/\/api.w.org\/{rel}","templated":true}]}}