{"id":5122,"date":"2025-03-07T16:36:58","date_gmt":"2025-03-07T16:36:58","guid":{"rendered":"https:\/\/metaleenshop.com\/?post_type=product&#038;p=5122"},"modified":"2025-07-16T09:46:28","modified_gmt":"2025-07-16T09:46:28","slug":"monomig-200ik-compact","status":"publish","type":"product","link":"https:\/\/metaleenshop.com\/nl\/product\/monomig-200ik-compact\/","title":{"rendered":"Monomig 200IK-Compact"},"content":{"rendered":"<h2>General<\/h2>\n<ul>\n<li>Operates with 1 Phase 230V-50\/60 Hz mains voltage and generators, tolerates voltage fluctuations up to 15%.<\/li>\n<li>Due to inverter technology, energy efficiency is higher than the conventional machines.<\/li>\n<li>Excellent welding characteristics with all types of solid and flux cored wires with CO2 or Mix gases.<\/li>\n<li>Welding Voltage, Wire Feeding Speed, Soft Start, Pre-Gas, Post-Gas, Burn-Back\u00a0timer settings and\u00a02\/4 Trigger\u00a0options are adjusted\u00a0on the front panel.<\/li>\n<li>Large digital displays for easy monitoring welding parameters.<\/li>\n<li>Manual wire feeding and gas valve buttons.<\/li>\n<li>\u00f8300 mm, \u00f8270 mm and \u00f8200 mm spools, drums of any size and \u00f8100 mm spool with a spool gun can be used.<\/li>\n<li>Built in gas cylinder platform with large wheels to ease mobility in workshops.<\/li>\n<li>Fan cooling and thermal protection against overheating.<\/li>\n<li>Standard accessories come with the machine.<\/li>\n<\/ul>\n<p>&nbsp;<\/p>\n<h2>Technical specifications<\/h2>\n<table class=\"table table-hover table-condensed table-bordered\">\n<tbody>\n<tr>\n<td class=\"teknikgrup\" colspan=\"5\">Power Source<\/td>\n<\/tr>\n<tr>\n<td>Mains Voltage (1Ph)<\/td>\n<td>230<\/td>\n<td>V<\/td>\n<\/tr>\n<tr>\n<td>Input Power<\/td>\n<td>8.6 (%16)<\/td>\n<td>kVA<\/td>\n<\/tr>\n<tr>\n<td>Power Source Efficiency<\/td>\n<td>83,13<\/td>\n<td>%<\/td>\n<\/tr>\n<tr>\n<td>IDLE State Power Consumption<\/td>\n<td>N\/A (EN IEC 60974-1,Annex M)<\/td>\n<td>W<\/td>\n<\/tr>\n<tr>\n<td>Welding Current Range<\/td>\n<td>30 &#8211; 200<\/td>\n<td>A<\/td>\n<\/tr>\n<tr>\n<td>Nominal Welding Current<\/td>\n<td>200 (%16)<\/td>\n<td>A<\/td>\n<\/tr>\n<tr>\n<td>Open Circuit Voltage<\/td>\n<td>52<\/td>\n<td>V<\/td>\n<\/tr>\n<tr>\n<td>Dimensions (l x w x h)<\/td>\n<td>888 x 455 x 870<\/td>\n<td>mm<\/td>\n<\/tr>\n<tr>\n<td>Weight (Net)<\/td>\n<td>48<\/td>\n<td>kg<\/td>\n<\/tr>\n<tr>\n<td>Protection Class<\/td>\n<td>IP21<\/td>\n<td><\/td>\n<\/tr>\n<tr>\n<td class=\"teknikgrup\" colspan=\"5\">Wire Feeder System<\/td>\n<\/tr>\n<tr>\n<td>Standard Roller Groove Size<\/td>\n<td>0.80 &#8211; 1.00<\/td>\n<td>mm<\/td>\n<\/tr>\n<tr>\n<td>Welding Wire Diameter<\/td>\n<td>0.60 &#8211; 1.00<\/td>\n<td>mm<\/td>\n<\/tr>\n<tr>\n<td>Wire Feeder Roller Diameter<\/td>\n<td>2&#215;37<\/td>\n<td>mm<\/td>\n<\/tr>\n<tr>\n<td>Wire Feeding Speed<\/td>\n<td>1 &#8211; 24<\/td>\n<td>m\/min<\/td>\n<\/tr>\n<tr>\n<td>Torch Trigger Control<\/td>\n<td>2 \/ 4<\/td>\n<td><\/td>\n<\/tr>\n<tr>\n<td>Weight (Net)<\/td>\n<td>15<\/td>\n<td>kg<\/td>\n<\/tr>\n<\/tbody>\n<\/table>\n\n    <div class=\"xs_social_share_widget xs_share_url after_content \t\tmain_content  wslu-style-1 wslu-share-box-shaped wslu-fill-colored wslu-none wslu-share-horizontal wslu-theme-font-no wslu-main_content\">\n\n\t\t\n        <ul>\n\t\t\t        <\/ul>\n    <\/div>","protected":false},"excerpt":{"rendered":"<p>General Operates with 1 Phase 230V-50\/60 Hz mains voltage and generators, tolerates voltage fluctuations up to 15%. Due to inverter technology, energy efficiency is higher than the conventional machines. Excellent welding characteristics with all types of solid and flux cored wires with CO2 or Mix gases. Welding Voltage, Wire Feeding Speed, Soft Start, Pre-Gas, Post-Gas, [&hellip;]<\/p>\n","protected":false},"featured_media":5067,"comment_status":"open","ping_status":"closed","template":"","meta":{"inline_featured_image":false},"product_brand":[],"product_cat":[219],"product_tag":[225,222],"class_list":{"0":"post-5122","1":"product","2":"type-product","3":"status-publish","4":"has-post-thumbnail","6":"product_cat-mig-mag-welding-machines","7":"product_tag-mig-mag-welding-machines","8":"product_tag-welding-machines","10":"first","11":"instock","12":"shipping-taxable","13":"purchasable","14":"product-type-simple"},"_links":{"self":[{"href":"https:\/\/metaleenshop.com\/nl\/wp-json\/wp\/v2\/product\/5122","targetHints":{"allow":["GET"]}}],"collection":[{"href":"https:\/\/metaleenshop.com\/nl\/wp-json\/wp\/v2\/product"}],"about":[{"href":"https:\/\/metaleenshop.com\/nl\/wp-json\/wp\/v2\/types\/product"}],"replies":[{"embeddable":true,"href":"https:\/\/metaleenshop.com\/nl\/wp-json\/wp\/v2\/comments?post=5122"}],"wp:featuredmedia":[{"embeddable":true,"href":"https:\/\/metaleenshop.com\/nl\/wp-json\/wp\/v2\/media\/5067"}],"wp:attachment":[{"href":"https:\/\/metaleenshop.com\/nl\/wp-json\/wp\/v2\/media?parent=5122"}],"wp:term":[{"taxonomy":"product_brand","embeddable":true,"href":"https:\/\/metaleenshop.com\/nl\/wp-json\/wp\/v2\/product_brand?post=5122"},{"taxonomy":"product_cat","embeddable":true,"href":"https:\/\/metaleenshop.com\/nl\/wp-json\/wp\/v2\/product_cat?post=5122"},{"taxonomy":"product_tag","embeddable":true,"href":"https:\/\/metaleenshop.com\/nl\/wp-json\/wp\/v2\/product_tag?post=5122"}],"curies":[{"name":"wp","href":"https:\/\/api.w.org\/{rel}","templated":true}]}}